{"id":50,"date":"2019-03-21T14:35:33","date_gmt":"2019-03-21T13:35:33","guid":{"rendered":"https:\/\/factcheck.cirt.cm_public\/?page_id=50"},"modified":"2021-07-15T14:15:08","modified_gmt":"2021-07-15T13:15:08","slug":"faq","status":"publish","type":"page","link":"https:\/\/factcheck.cirt.cm\/?page_id=50&lang=fr","title":{"rendered":"FAQ"},"content":{"rendered":"\n<p>C<strong>omment cela a-t-il commenc\u00e9 ?<\/strong><br>FactCheck.CM a \u00e9t\u00e9 lanc\u00e9 par un groupe multipartite d&#8217;administrateurs, dirig\u00e9 par la soci\u00e9t\u00e9 civile camerounaise en 2021.<\/p>\n\n\n\n<p><strong>Comment est-il financ\u00e9 ?<\/strong><br>FactCheck.CM est une organisation \u00e0 but non lucratif enregistr\u00e9e. Nous comptons sur les dons de particuliers, de fiducies caritatives et de soci\u00e9t\u00e9s m\u00e9c\u00e8nes. Nous gagnons \u00e9galement de l&#8217;argent en organisant des masterclasses de v\u00e9rification des faits et de statistiques, et gr\u00e2ce \u00e0 des publicit\u00e9s.<\/p>\n\n\n\n<p><strong>Comment rester neutre ?<\/strong><br>Nous avons un conseil d&#8217;administration multipartite, avec des partisans des entreprises de presse, du gouvernement, de la soci\u00e9t\u00e9 civile.<\/p>\n\n\n\n<p>Le Conseil de fondation n&#8217;a aucun contr\u00f4le sur les d\u00e9cisions \u00e9ditoriales quotidiennes. Ceux-ci rel\u00e8vent de la responsabilit\u00e9 du directeur g\u00e9n\u00e9ral.<\/p>\n\n\n\n<p>Tout le personnel est invit\u00e9 \u00e0 remplir une d\u00e9claration d&#8217;int\u00e9r\u00eats personnels avant de commencer \u00e0 travailler chez FactCheck.CM. Notre personnel s&#8217;engage \u00e0 s&#8217;abstenir d&#8217;exprimer des opinions politiques en public. Les volontaires sont \u00e9galement invit\u00e9s \u00e0 fournir des d\u00e9clarations similaires.<\/p>\n\n\n\n<p><strong>Qui v\u00e9rifie vos faits ?<\/strong><br>Vous faites. Nous \u00e9tablissons des liens vers des sources pour les d\u00e9clarations factuelles afin que vous n&#8217;ayez pas \u00e0 nous croire sur parole pour ce que nous disons. Nous essayons de vous permettre de v\u00e9rifier plus facilement les choses par vous-m\u00eame\u00a0: consultez notre bo\u00eete \u00e0 outils pour obtenir des conseils.<\/p>\n\n\n\n<p><strong>Pourquoi devrais-je vous croire sur parole ?<\/strong><br>Nous pr\u00e9f\u00e9rerions que vous ne le fassiez pas. Tout ce que nous publions est attribu\u00e9 et li\u00e9 \u00e0 sa source, vous pouvez donc vous faire votre propre opinion \u00e0 ce sujet.<\/p>\n\n\n\n<p>Nous n&#8217;essayons pas de donner le dernier mot sur un sujet donn\u00e9. Notre objectif est de faire en sorte que personne ne doive se contenter d&#8217;une foi aveugle ou d&#8217;un cynisme aveugle. La plupart des probl\u00e8mes sur lesquels nous \u00e9crivons ne le sont pas.<\/p>\n\n\n\n<p><strong>Que ferez-vous si vous faites une erreur ?<\/strong><br>Nous le corrigeons. Toutes nos v\u00e9rifications des faits subissent plusieurs \u00e9tapes d&#8217;examen, et nous nous effor\u00e7ons d&#8217;atteindre les normes les plus \u00e9lev\u00e9es d&#8217;exactitude et de transparence. Mais des erreurs peuvent arriver.<\/p>\n\n\n\n<p>Si quelque chose n&#8217;est pas correct, nous mettons \u00e0 jour l&#8217;enregistrement le plus rapidement possible. Nous signalons \u00e9galement qu&#8217;une correction a \u00e9t\u00e9 apport\u00e9e.<\/p>\n\n\n\n<p>Si vous voyez quelque chose que vous ne pensez pas \u00eatre correct, nous vous encourageons \u00e0 le porter \u00e0 notre attention.<\/p>\n\n\n\n<p><strong>Comment puis-je vous demander de v\u00e9rifier une r\u00e9clamation?<\/strong><br>Contactez-nous avec votre demande de v\u00e9rification des faits.<\/p>\n\n\n\n<p>Nous ne pouvons pas promettre de v\u00e9rifier chaque r\u00e9clamation sugg\u00e9r\u00e9e. Veuillez indiquer l&#8217;impact que vous pensez que la r\u00e9clamation aurait si elle n&#8217;\u00e9tait pas coch\u00e9e.<\/p>\n\n\n\n<p><strong>Quel type de sources utilisez-vous ?<\/strong><br>Nous nous appuyons sur des informations accessibles au public, y compris des statistiques et des recherches primaires.<\/p>\n\n\n\n<p>Nous fournissons des liens vers des sources primaires pour toutes les affirmations factuelles. Dans la mesure du possible, nous nous r\u00e9f\u00e9rons \u00e0 des tableaux de donn\u00e9es, \u00e0 des documents juridiques ou \u00e0 d&#8217;autres sources primaires, plut\u00f4t qu&#8217;\u00e0 des communiqu\u00e9s de presse ou \u00e0 des r\u00e9sum\u00e9s analytiques de publications statistiques.<\/p>\n\n\n\n<p><strong>Dois-je payer pour obtenir votre contenu ?<\/strong><br>Non. Tout notre contenu de v\u00e9rification des faits est gratuit.<\/p>\n\n\n\n<p><strong>Travaillez-vous pour Facebook ?<\/strong><br>Oui, nous v\u00e9rifions ind\u00e9pendamment le contenu de Facebook dans le cadre de son initiative de v\u00e9rification des faits par des tiers. En savoir plus sur notre travail de v\u00e9rification du contenu Facebook.<\/p>\n\n\n\n<p><strong>Fournissez-vous des outils de v\u00e9rification des faits\u00a0?<\/strong><br>Nous produisons des outils p\u00e9dagogiques \u00e0 l&#8217;usage des \u00e9tudiants, des enseignants et du grand public. Des conseils pour rep\u00e9rer les fausses nouvelles, des vid\u00e9os de nos derni\u00e8res conf\u00e9rences et des livres \u00e0 lire pour en savoir plus sur les donn\u00e9es, nous fournissons des ressources que vous pouvez utiliser dans la vie quotidienne pour v\u00e9rifier les all\u00e9gations qui vous int\u00e9ressent.<\/p>\n\n\n\n<p><strong>Quel genre de chose v\u00e9rifiez-vous?<\/strong><br>Nous v\u00e9rifions les all\u00e9gations dans le d\u00e9bat public qui sont d&#8217;int\u00e9r\u00eat public. Cela inclut, mais sans s&#8217;y limiter, les affirmations des politiciens et des m\u00e9dias.<\/p>\n\n\n\n<p>Nous priorisons les r\u00e9clamations qui ont le plus de chances de nuire \u00e0 la vie des gens. Cela pourrait signifier qu&#8217;ils ont \u00e9t\u00e9 largement partag\u00e9s en ligne ou qu&#8217;ils figurent en bonne place dans les journaux ou les m\u00e9dias audiovisuels.<\/p>\n\n\n\n<p><strong>Comment v\u00e9rifier les faits\u00a0?<\/strong><br>Nous devons d&#8217;abord comprendre ce qui a \u00e9t\u00e9 dit ou imprim\u00e9. Nous ne v\u00e9rifions pas seulement les preuves utilis\u00e9es dans une r\u00e9clamation, mais \u00e9galement l&#8217;hypoth\u00e8se sous-jacente. Des informations factuelles correctes peuvent \u00eatre utilis\u00e9es pour faire valoir un point qui est trompeur ou incorrect, il est donc important de faire ressortir exactement ce que quelqu&#8217;un veut dire lorsqu&#8217;il fait une d\u00e9claration.<\/p>\n\n\n\n<p>Ensuite, nous contactons le demandeur. \u00c0 moins que la source de la r\u00e9clamation ne soit \u00e9vidente, nous essayons de contacter le requ\u00e9rant pour lui demander sa source et pour toute autre information dont nous avons besoin pour la comprendre.<\/p>\n\n\n\n<p>Ensuite, nous rassemblons nos preuves. Nous essayons toujours de rassembler un large \u00e9ventail de sources de preuves relatives \u00e0 une r\u00e9clamation.<\/p>\n","protected":false},"excerpt":{"rendered":"<p>Comment cela a-t-il commenc\u00e9 ?FactCheck.CM a \u00e9t\u00e9 lanc\u00e9 par un groupe multipartite d&#8217;administrateurs, dirig\u00e9 par la soci\u00e9t\u00e9 civile camerounaise en 2021. Comment est-il financ\u00e9 ?FactCheck.CM<br \/><a class=\"moretag\" href=\"https:\/\/factcheck.cirt.cm\/?page_id=50&#038;lang=fr\" style=\"text-decoration: none;\"> Read more&#8230;<\/a><\/p>\n","protected":false},"author":1,"featured_media":0,"parent":0,"menu_order":0,"comment_status":"closed","ping_status":"closed","template":"","meta":{"footnotes":""},"class_list":["post-50","page","type-page","status-publish","hentry"],"_links":{"self":[{"href":"https:\/\/factcheck.cirt.cm\/index.php?rest_route=\/wp\/v2\/pages\/50","targetHints":{"allow":["GET"]}}],"collection":[{"href":"https:\/\/factcheck.cirt.cm\/index.php?rest_route=\/wp\/v2\/pages"}],"about":[{"href":"https:\/\/factcheck.cirt.cm\/index.php?rest_route=\/wp\/v2\/types\/page"}],"author":[{"embeddable":true,"href":"https:\/\/factcheck.cirt.cm\/index.php?rest_route=\/wp\/v2\/users\/1"}],"replies":[{"embeddable":true,"href":"https:\/\/factcheck.cirt.cm\/index.php?rest_route=%2Fwp%2Fv2%2Fcomments&post=50"}],"version-history":[{"count":3,"href":"https:\/\/factcheck.cirt.cm\/index.php?rest_route=\/wp\/v2\/pages\/50\/revisions"}],"predecessor-version":[{"id":2138,"href":"https:\/\/factcheck.cirt.cm\/index.php?rest_route=\/wp\/v2\/pages\/50\/revisions\/2138"}],"wp:attachment":[{"href":"https:\/\/factcheck.cirt.cm\/index.php?rest_route=%2Fwp%2Fv2%2Fmedia&parent=50"}],"curies":[{"name":"wp","href":"https:\/\/api.w.org\/{rel}","templated":true}]}}