{"id":76,"date":"2019-03-21T14:50:10","date_gmt":"2019-03-21T13:50:10","guid":{"rendered":"https:\/\/factcheck.cirt.cm_public\/?page_id=76"},"modified":"2021-07-15T13:36:01","modified_gmt":"2021-07-15T12:36:01","slug":"a-propos","status":"publish","type":"page","link":"https:\/\/factcheck.cirt.cm\/?page_id=76&lang=fr","title":{"rendered":"\u00c0 Propos"},"content":{"rendered":"\n<h2 class=\"wp-block-heading\"><strong>Qui sommes-nous ?<\/strong><\/h2>\n\n\n\n<p>Nous sommes une institution non partisane et \u00e0 but non lucratif qui vise \u00e0 r\u00e9duire le niveau de tromperie et de confusion. Nous surveillons l&#8217;exactitude factuelle de ce qui est dit sous forme de publicit\u00e9s t\u00e9l\u00e9vis\u00e9es, de d\u00e9bats, de discours, d&#8217;interviews, de communiqu\u00e9s de presse et qui inondent les m\u00e9dias sociaux. Notre objectif est d&#8217;appliquer les meilleures pratiques du journalisme et d&#8217;accro\u00eetre les connaissances et la compr\u00e9hension du public.<\/p>\n\n\n\n<p>FactCheck.cm est un projet de la Soci\u00e9t\u00e9 Civile Camerounaise.<\/p>\n\n\n\n<h2 class=\"wp-block-heading\">Nos missions<\/h2>\n\n\n\n<p>Nous sommes une institution non partisane et \u00e0 but non lucratif qui vise \u00e0 r\u00e9duire le niveau de tromperie et de confusion. Nous surveillons l&#8217;exactitude factuelle de ce qui est dit sous forme de publicit\u00e9s t\u00e9l\u00e9vis\u00e9es, de d\u00e9bats, de discours, d&#8217;interviews, de communiqu\u00e9s de presse et qui inondent les m\u00e9dias sociaux. Notre objectif est d&#8217;appliquer les meilleures pratiques du journalisme et d&#8217;accro\u00eetre les connaissances et la compr\u00e9hension du public.<\/p>\n\n\n\n<p>FactCheck.cm est un projet de la Soci\u00e9t\u00e9 Civile Camerounaise.<\/p>\n","protected":false},"excerpt":{"rendered":"<p>Qui sommes-nous ? Nous sommes une institution non partisane et \u00e0 but non lucratif qui vise \u00e0 r\u00e9duire le niveau de tromperie et de confusion.<br \/><a class=\"moretag\" href=\"https:\/\/factcheck.cirt.cm\/?page_id=76&#038;lang=fr\" style=\"text-decoration: none;\"> Read more&#8230;<\/a><\/p>\n","protected":false},"author":1,"featured_media":0,"parent":0,"menu_order":0,"comment_status":"closed","ping_status":"closed","template":"","meta":{"footnotes":""},"class_list":["post-76","page","type-page","status-publish","hentry"],"_links":{"self":[{"href":"https:\/\/factcheck.cirt.cm\/index.php?rest_route=\/wp\/v2\/pages\/76","targetHints":{"allow":["GET"]}}],"collection":[{"href":"https:\/\/factcheck.cirt.cm\/index.php?rest_route=\/wp\/v2\/pages"}],"about":[{"href":"https:\/\/factcheck.cirt.cm\/index.php?rest_route=\/wp\/v2\/types\/page"}],"author":[{"embeddable":true,"href":"https:\/\/factcheck.cirt.cm\/index.php?rest_route=\/wp\/v2\/users\/1"}],"replies":[{"embeddable":true,"href":"https:\/\/factcheck.cirt.cm\/index.php?rest_route=%2Fwp%2Fv2%2Fcomments&post=76"}],"version-history":[{"count":5,"href":"https:\/\/factcheck.cirt.cm\/index.php?rest_route=\/wp\/v2\/pages\/76\/revisions"}],"predecessor-version":[{"id":2130,"href":"https:\/\/factcheck.cirt.cm\/index.php?rest_route=\/wp\/v2\/pages\/76\/revisions\/2130"}],"wp:attachment":[{"href":"https:\/\/factcheck.cirt.cm\/index.php?rest_route=%2Fwp%2Fv2%2Fmedia&parent=76"}],"curies":[{"name":"wp","href":"https:\/\/api.w.org\/{rel}","templated":true}]}}